{"id":506,"date":"2024-01-22T13:51:24","date_gmt":"2024-01-22T13:51:24","guid":{"rendered":"https:\/\/kuckanje.com\/?page_id=506"},"modified":"2024-10-08T13:24:13","modified_gmt":"2024-10-08T13:24:13","slug":"kuckanje-iz-hrvatske","status":"publish","type":"page","link":"https:\/\/kuckanje.com\/index.php\/kuckanje-iz-hrvatske\/","title":{"rendered":"KUCKANJE IZ HRVATSKE"},"content":{"rendered":"\t\t<div data-elementor-type=\"wp-page\" data-elementor-id=\"506\" class=\"elementor elementor-506\" data-elementor-post-type=\"page\">\n\t\t\t\t<div class=\"elementor-element elementor-element-2ff47ac7 e-flex e-con-boxed e-con e-parent\" data-id=\"2ff47ac7\" data-element_type=\"container\">\n\t\t\t\t\t<div class=\"e-con-inner\">\n\t\t\t\t<div class=\"elementor-element elementor-element-545f2652 elementor-widget elementor-widget-spacer\" data-id=\"545f2652\" data-element_type=\"widget\" data-widget_type=\"spacer.default\">\n\t\t\t\t<div class=\"elementor-widget-container\">\n\t\t\t\t\t<div class=\"elementor-spacer\">\n\t\t\t<div class=\"elementor-spacer-inner\"><\/div>\n\t\t<\/div>\n\t\t\t\t<\/div>\n\t\t\t\t<\/div>\n\t\t\t\t\t<\/div>\n\t\t\t\t<\/div>\n\t\t<div class=\"elementor-element elementor-element-2f0f8e9a e-flex e-con-boxed e-con e-parent\" data-id=\"2f0f8e9a\" data-element_type=\"container\">\n\t\t\t\t\t<div class=\"e-con-inner\">\n\t\t\t\t<div class=\"elementor-element elementor-element-162619dd elementor-widget elementor-widget-heading\" data-id=\"162619dd\" data-element_type=\"widget\" data-widget_type=\"heading.default\">\n\t\t\t\t<div class=\"elementor-widget-container\">\n\t\t\t<h1 class=\"elementor-heading-title elementor-size-default\"><b>Kuckanje iz Hrvatske<\/b><\/h1>\t\t<\/div>\n\t\t\t\t<\/div>\n\t\t\t\t\t<\/div>\n\t\t\t\t<\/div>\n\t\t<div class=\"elementor-element elementor-element-751359eb e-flex e-con-boxed e-con e-parent\" data-id=\"751359eb\" data-element_type=\"container\">\n\t\t\t\t\t<div class=\"e-con-inner\">\n\t\t\t\t<div class=\"elementor-element elementor-element-4fdcf696 elementor-widget elementor-widget-spacer\" data-id=\"4fdcf696\" data-element_type=\"widget\" data-widget_type=\"spacer.default\">\n\t\t\t\t<div class=\"elementor-widget-container\">\n\t\t\t\t\t<div class=\"elementor-spacer\">\n\t\t\t<div class=\"elementor-spacer-inner\"><\/div>\n\t\t<\/div>\n\t\t\t\t<\/div>\n\t\t\t\t<\/div>\n\t\t\t\t\t<\/div>\n\t\t\t\t<\/div>\n\t\t<div class=\"elementor-element elementor-element-676596f8 e-flex e-con-boxed e-con e-parent\" data-id=\"676596f8\" data-element_type=\"container\">\n\t\t\t\t\t<div class=\"e-con-inner\">\n\t\t\t\t<div class=\"elementor-element elementor-element-7c89c086 elementor-widget elementor-widget-heading\" data-id=\"7c89c086\" data-element_type=\"widget\" data-widget_type=\"heading.default\">\n\t\t\t\t<div class=\"elementor-widget-container\">\n\t\t\t<h3 class=\"elementor-heading-title elementor-size-default\">Prona\u0111i Svoju Devojku (Ili Vi\u0161e Njih <img decoding=\"async\" role=\"img\" class=\"emoji\" alt=\"\ud83e\udd2b\" src=\"https:\/\/s.w.org\/images\/core\/emoji\/14.0.0\/svg\/1f92b.svg\">) !<\/h3>\t\t<\/div>\n\t\t\t\t<\/div>\n\t\t\t\t\t<\/div>\n\t\t\t\t<\/div>\n\t\t<div class=\"elementor-element elementor-element-fd8de1a e-flex e-con-boxed e-con e-parent\" data-id=\"fd8de1a\" data-element_type=\"container\">\n\t\t\t\t\t<div class=\"e-con-inner\">\n\t\t\t\t<div class=\"elementor-element elementor-element-56458be elementor-widget elementor-widget-spacer\" data-id=\"56458be\" data-element_type=\"widget\" data-widget_type=\"spacer.default\">\n\t\t\t\t<div class=\"elementor-widget-container\">\n\t\t\t\t\t<div class=\"elementor-spacer\">\n\t\t\t<div class=\"elementor-spacer-inner\"><\/div>\n\t\t<\/div>\n\t\t\t\t<\/div>\n\t\t\t\t<\/div>\n\t\t\t\t\t<\/div>\n\t\t\t\t<\/div>\n\t\t<div class=\"elementor-element elementor-element-387d162 e-flex e-con-boxed e-con e-parent\" data-id=\"387d162\" data-element_type=\"container\">\n\t\t\t\t\t<div class=\"e-con-inner\">\n\t\t\t\t<div class=\"elementor-element elementor-element-882ff0b elementor-grid-3 elementor-grid-tablet-2 elementor-grid-mobile-1 elementor-posts--thumbnail-top elementor-widget elementor-widget-posts\" data-id=\"882ff0b\" data-element_type=\"widget\" data-settings=\"{&quot;pagination_type&quot;:&quot;numbers_and_prev_next&quot;,&quot;classic_columns&quot;:&quot;3&quot;,&quot;classic_columns_tablet&quot;:&quot;2&quot;,&quot;classic_columns_mobile&quot;:&quot;1&quot;,&quot;classic_row_gap&quot;:{&quot;unit&quot;:&quot;px&quot;,&quot;size&quot;:35,&quot;sizes&quot;:[]},&quot;classic_row_gap_tablet&quot;:{&quot;unit&quot;:&quot;px&quot;,&quot;size&quot;:&quot;&quot;,&quot;sizes&quot;:[]},&quot;classic_row_gap_mobile&quot;:{&quot;unit&quot;:&quot;px&quot;,&quot;size&quot;:&quot;&quot;,&quot;sizes&quot;:[]}}\" data-widget_type=\"posts.classic\">\n\t\t\t\t<div class=\"elementor-widget-container\">\n\t\t\t\t\t<div class=\"elementor-posts-container elementor-posts elementor-posts--skin-classic elementor-grid\">\n\t\t\t\t<article class=\"elementor-post elementor-grid-item post-2630 post type-post status-publish format-standard has-post-thumbnail hentry category-hrvatska category-sve category-uncategorized\">\n\t\t\t\t<a class=\"elementor-post__thumbnail__link\" href=\"https:\/\/kuckanje.com\/index.php\/2024\/02\/08\/lipa\/\" tabindex=\"-1\" >\n\t\t\t<div class=\"elementor-post__thumbnail\"><img fetchpriority=\"high\" decoding=\"async\" width=\"800\" height=\"1091\" src=\"https:\/\/kuckanje.com\/wp-content\/uploads\/2024\/02\/5-min-4.jpg\" class=\"attachment-full size-full wp-image-2646\" alt=\"Lipa crnka pozira u seksi ve\u0161u\" srcset=\"https:\/\/kuckanje.com\/wp-content\/uploads\/2024\/02\/5-min-4.jpg 800w, https:\/\/kuckanje.com\/wp-content\/uploads\/2024\/02\/5-min-4-220x300.jpg 220w, https:\/\/kuckanje.com\/wp-content\/uploads\/2024\/02\/5-min-4-751x1024.jpg 751w, https:\/\/kuckanje.com\/wp-content\/uploads\/2024\/02\/5-min-4-768x1047.jpg 768w\" sizes=\"(max-width: 800px) 100vw, 800px\" \/><\/div>\n\t\t<\/a>\n\t\t\t\t<div class=\"elementor-post__text\">\n\t\t\t\t<h3 class=\"elementor-post__title\">\n\t\t\t<a href=\"https:\/\/kuckanje.com\/index.php\/2024\/02\/08\/lipa\/\" >\n\t\t\t\tLIPA GOSPA RADA\t\t\t<\/a>\n\t\t<\/h3>\n\t\t\n\t\t<a class=\"elementor-post__read-more\" href=\"https:\/\/kuckanje.com\/index.php\/2024\/02\/08\/lipa\/\" aria-label=\"Read more about LIPA GOSPA RADA\" tabindex=\"-1\" >\n\t\t\tPOGLEDAJ PROFIL\u00bb\t\t<\/a>\n\n\t\t\t\t<\/div>\n\t\t\t\t<\/article>\n\t\t\t\t<article class=\"elementor-post elementor-grid-item post-2083 post type-post status-publish format-standard has-post-thumbnail hentry category-hrvatska category-sve category-uncategorized\">\n\t\t\t\t<a class=\"elementor-post__thumbnail__link\" href=\"https:\/\/kuckanje.com\/index.php\/2024\/01\/29\/bucka\/\" tabindex=\"-1\" >\n\t\t\t<div class=\"elementor-post__thumbnail\"><img decoding=\"async\" width=\"668\" height=\"874\" src=\"https:\/\/kuckanje.com\/wp-content\/uploads\/2024\/01\/1-1-min.jpg\" class=\"attachment-full size-full wp-image-2108\" alt=\"Bucka bujnog poprska i bokova, a uskog struka pozira na pla\u017ei\" srcset=\"https:\/\/kuckanje.com\/wp-content\/uploads\/2024\/01\/1-1-min.jpg 668w, https:\/\/kuckanje.com\/wp-content\/uploads\/2024\/01\/1-1-min-229x300.jpg 229w\" sizes=\"(max-width: 668px) 100vw, 668px\" \/><\/div>\n\t\t<\/a>\n\t\t\t\t<div class=\"elementor-post__text\">\n\t\t\t\t<h3 class=\"elementor-post__title\">\n\t\t\t<a href=\"https:\/\/kuckanje.com\/index.php\/2024\/01\/29\/bucka\/\" >\n\t\t\t\tBUCKA MAJA ZA TVOJA JAJA\t\t\t<\/a>\n\t\t<\/h3>\n\t\t\n\t\t<a class=\"elementor-post__read-more\" href=\"https:\/\/kuckanje.com\/index.php\/2024\/01\/29\/bucka\/\" aria-label=\"Read more about BUCKA MAJA ZA TVOJA JAJA\" tabindex=\"-1\" >\n\t\t\tPOGLEDAJ PROFIL\u00bb\t\t<\/a>\n\n\t\t\t\t<\/div>\n\t\t\t\t<\/article>\n\t\t\t\t<\/div>\n\t\t\n\t\t\t\t<\/div>\n\t\t\t\t<\/div>\n\t\t\t\t\t<\/div>\n\t\t\t\t<\/div>\n\t\t<div class=\"elementor-element elementor-element-6a6f7cdb e-flex e-con-boxed e-con e-parent\" data-id=\"6a6f7cdb\" data-element_type=\"container\">\n\t\t\t\t\t<div class=\"e-con-inner\">\n\t\t\t\t<div class=\"elementor-element elementor-element-6ab9edab elementor-widget elementor-widget-spacer\" data-id=\"6ab9edab\" data-element_type=\"widget\" data-widget_type=\"spacer.default\">\n\t\t\t\t<div class=\"elementor-widget-container\">\n\t\t\t\t\t<div class=\"elementor-spacer\">\n\t\t\t<div class=\"elementor-spacer-inner\"><\/div>\n\t\t<\/div>\n\t\t\t\t<\/div>\n\t\t\t\t<\/div>\n\t\t\t\t\t<\/div>\n\t\t\t\t<\/div>\n\t\t<div class=\"elementor-element elementor-element-6c45f3bd e-con-full e-flex e-con e-parent\" data-id=\"6c45f3bd\" data-element_type=\"container\" data-settings=\"{&quot;background_background&quot;:&quot;classic&quot;}\">\n\t\t<div class=\"elementor-element elementor-element-7aa6a917 e-con-full e-flex e-con e-child\" data-id=\"7aa6a917\" data-element_type=\"container\">\n\t\t<div class=\"elementor-element elementor-element-2f6e06c0 e-con-full e-flex e-con e-child\" data-id=\"2f6e06c0\" data-element_type=\"container\">\n\t\t\t\t<div class=\"elementor-element elementor-element-5bcafaea elementor-widget elementor-widget-heading\" data-id=\"5bcafaea\" data-element_type=\"widget\" data-widget_type=\"heading.default\">\n\t\t\t\t<div class=\"elementor-widget-container\">\n\t\t\t<h5 class=\"elementor-heading-title elementor-size-default\">radno vreme<\/h5>\t\t<\/div>\n\t\t\t\t<\/div>\n\t\t\t\t<\/div>\n\t\t<div class=\"elementor-element elementor-element-34947276 e-con-full e-flex e-con e-child\" data-id=\"34947276\" data-element_type=\"container\">\n\t\t\t\t<div class=\"elementor-element elementor-element-73402256 elementor-widget elementor-widget-text-editor\" data-id=\"73402256\" data-element_type=\"widget\" data-widget_type=\"text-editor.default\">\n\t\t\t\t<div class=\"elementor-widget-container\">\n\t\t\t\t\t\t\t<p>Svakog Dana<\/p><p>24h<\/p>\t\t\t\t\t\t<\/div>\n\t\t\t\t<\/div>\n\t\t\t\t<div class=\"elementor-element elementor-element-55f324b1 elementor-widget elementor-widget-text-editor\" data-id=\"55f324b1\" data-element_type=\"widget\" data-widget_type=\"text-editor.default\">\n\t\t\t\t<div class=\"elementor-widget-container\">\n\t\t\t\t\t\t\t<p>\u00a9 2024 Copyright by kuckanje.com<\/p>\t\t\t\t\t\t<\/div>\n\t\t\t\t<\/div>\n\t\t\t\t<\/div>\n\t\t\t\t<\/div>\n\t\t\t\t<\/div>\n\t\t<div class=\"elementor-element elementor-element-76ba15e1 e-flex e-con-boxed e-con e-parent\" data-id=\"76ba15e1\" data-element_type=\"container\">\n\t\t\t\t\t<div class=\"e-con-inner\">\n\t\t\t\t<div class=\"elementor-element elementor-element-7e942d32 elementor-widget elementor-widget-spacer\" data-id=\"7e942d32\" data-element_type=\"widget\" data-widget_type=\"spacer.default\">\n\t\t\t\t<div class=\"elementor-widget-container\">\n\t\t\t\t\t<div class=\"elementor-spacer\">\n\t\t\t<div class=\"elementor-spacer-inner\"><\/div>\n\t\t<\/div>\n\t\t\t\t<\/div>\n\t\t\t\t<\/div>\n\t\t\t\t\t<\/div>\n\t\t\t\t<\/div>\n\t\t<div class=\"elementor-element elementor-element-11d08a72 e-flex e-con-boxed e-con e-parent\" data-id=\"11d08a72\" data-element_type=\"container\">\n\t\t\t\t\t<div class=\"e-con-inner\">\n\t\t\t\t<div class=\"elementor-element elementor-element-7d6aab88 elementor-widget elementor-widget-text-editor\" data-id=\"7d6aab88\" data-element_type=\"widget\" data-widget_type=\"text-editor.default\">\n\t\t\t\t<div class=\"elementor-widget-container\">\n\t\t\t\t\t\t\t<p>PRU\u017dALAC USLUGA &#8211; Fonlider d.o.o. Adresa: Sime igumanova 2-4 PIB: 100206806 Mati\u010dni broj: 17195735 Delatnost: 6820 Kontakt telefon: +381 11 207 30 21 Kontakt e-mail: office@fonlider.rs. U ime Fonlider d.o.o. obavezujemo se da \u0107emo \u010duvati privatnost svih na\u0161ih kupaca. Prikupljamo samo neophodne i osnovne podatke o kupcima\/korisnicima. Tu spadaju i podaci neophodni za poslovanje i informisanje korisnika u cilju pru\u017eanja kvalitetne usluge. Dajemo kupcima mogu\u0107nost izbora da li \u017eele da se izbri\u0161u sa mailing lista koje se koriste za marketin\u0161ke kampanje. Svi podaci o korisnicima\/kupcima se strogo \u010duvaju i dostupni su samo zaposlenima kojima su ti podaci nu\u017eni za obavljanje posla. Svi zaposleni u Fonlider d.o.o. (i poslovni partneri) odgovorni su za po\u0161tovanje na\u010dela za\u0161tite privatnosti.<\/p><p><!-- \/wp:paragraph --><!-- wp:paragraph {\"style\":{\"typography\":{\"fontSize\":11}}} --><\/p><p>TEHNI\u010cKA PODR\u0160KA &#8211; OneClick Solutions d.o.o. Adresa: Sime igumanova 2-4 PIB: 107479270 Mati\u010dni broj: 20811161 Delatnost: 6201 Kontakt telefon: +381 11 207 30 21 Kontakt e-mail: office@oneclick.rs. Za sve reklamacije, informacije, sugestije, pohvale i kritike, mo\u017eete se obratiti na broj telefona 0112073703 ili putem e-maila office@oneclick.rs.\u00a0Pru\u017ealac usluge i njegovi partneri nisu odgovorni za mogu\u0107e gre\u0161ke nastale u sistemu ili od strane mobilnih operatera, kao i za sve tehni\u010dke probleme nastale kori\u0161\u0107enjem servisa. Zahtevi pru\u017eaocu usluga za naknadu materijalne ili nematerijalne \u0161tete nastale kori\u0161\u0107enjem ili nekori\u0161\u0107enjem ponu\u0111enih informacija u osnovi su isklju\u010deni. Isklju\u010denje va\u017ei ukoliko autor nije u\u010dinio dokazivo namernu ili grubo nemarnu gre\u0161ku. Poruke koje korisnici primaju se ne napla\u0107uju. Ne postoje nikakvi dodatni tro\u0161kovi, pla\u0107aju se samo poslate poruke. Slanjem SMS poruke, korisnik automatski daje saglasnost za prijem besplatnih poruka reklamnog karaktera od strane pru\u017eaoca usluge.<\/p>\t\t\t\t\t\t<\/div>\n\t\t\t\t<\/div>\n\t\t\t\t\t<\/div>\n\t\t\t\t<\/div>\n\t\t\t\t<\/div>\n\t\t","protected":false},"excerpt":{"rendered":"<p>Kuckanje iz Hrvatske Prona\u0111i Svoju Devojku (Ili Vi\u0161e Njih ) ! radno vreme Svakog Dana 24h \u00a9 2024 Copyright by<\/p>\n","protected":false},"author":2,"featured_media":0,"parent":0,"menu_order":0,"comment_status":"closed","ping_status":"closed","template":"elementor_header_footer","meta":{"site-sidebar-layout":"no-sidebar","site-content-layout":"","ast-site-content-layout":"full-width-container","site-content-style":"default","site-sidebar-style":"default","ast-global-header-display":"","ast-banner-title-visibility":"","ast-main-header-display":"","ast-hfb-above-header-display":"","ast-hfb-below-header-display":"","ast-hfb-mobile-header-display":"","site-post-title":"disabled","ast-breadcrumbs-content":"","ast-featured-img":"disabled","footer-sml-layout":"","theme-transparent-header-meta":"","adv-header-id-meta":"","stick-header-meta":"","header-above-stick-meta":"","header-main-stick-meta":"","header-below-stick-meta":"","astra-migrate-meta-layouts":"default","ast-page-background-enabled":"default","ast-page-background-meta":{"desktop":{"background-color":"var(--ast-global-color-4)","background-image":"","background-repeat":"repeat","background-position":"center center","background-size":"auto","background-attachment":"scroll","background-type":"","background-media":"","overlay-type":"","overlay-color":"","overlay-opacity":"","overlay-gradient":""},"tablet":{"background-color":"","background-image":"","background-repeat":"repeat","background-position":"center center","background-size":"auto","background-attachment":"scroll","background-type":"","background-media":"","overlay-type":"","overlay-color":"","overlay-opacity":"","overlay-gradient":""},"mobile":{"background-color":"","background-image":"","background-repeat":"repeat","background-position":"center center","background-size":"auto","background-attachment":"scroll","background-type":"","background-media":"","overlay-type":"","overlay-color":"","overlay-opacity":"","overlay-gradient":""}},"ast-content-background-meta":{"desktop":{"background-color":"var(--ast-global-color-5)","background-image":"","background-repeat":"repeat","background-position":"center center","background-size":"auto","background-attachment":"scroll","background-type":"","background-media":"","overlay-type":"","overlay-color":"","overlay-opacity":"","overlay-gradient":""},"tablet":{"background-color":"var(--ast-global-color-5)","background-image":"","background-repeat":"repeat","background-position":"center center","background-size":"auto","background-attachment":"scroll","background-type":"","background-media":"","overlay-type":"","overlay-color":"","overlay-opacity":"","overlay-gradient":""},"mobile":{"background-color":"var(--ast-global-color-5)","background-image":"","background-repeat":"repeat","background-position":"center center","background-size":"auto","background-attachment":"scroll","background-type":"","background-media":"","overlay-type":"","overlay-color":"","overlay-opacity":"","overlay-gradient":""}},"footnotes":""},"class_list":["post-506","page","type-page","status-publish","hentry"],"yoast_head":"<!-- This site is optimized with the Yoast SEO plugin v23.6 - https:\/\/yoast.com\/wordpress\/plugins\/seo\/ -->\n<title>KUCKANJE IZ HRVATSKE - Kuckanje.com<\/title>\n<meta name=\"description\" content=\"Kuckanje iz Hrvatske sa lepim Srpkinjama. Ovde se mo\u017eete kuckati bez ustezanja i pregaziti sve granice. Neka pobede lepota i ljubav!\" \/>\n<meta name=\"robots\" content=\"index, follow, max-snippet:-1, max-image-preview:large, max-video-preview:-1\" \/>\n<link rel=\"canonical\" href=\"https:\/\/kuckanje.com\/index.php\/kuckanje-iz-hrvatske\/\" \/>\n<meta property=\"og:locale\" content=\"en_US\" \/>\n<meta property=\"og:type\" content=\"article\" \/>\n<meta property=\"og:title\" content=\"KUCKANJE IZ HRVATSKE - Kuckanje.com\" \/>\n<meta property=\"og:description\" content=\"Kuckanje iz Hrvatske sa lepim Srpkinjama. Ovde se mo\u017eete kuckati bez ustezanja i pregaziti sve granice. Neka pobede lepota i ljubav!\" \/>\n<meta property=\"og:url\" content=\"https:\/\/kuckanje.com\/index.php\/kuckanje-iz-hrvatske\/\" \/>\n<meta property=\"og:site_name\" content=\"Kuckanje.com\" \/>\n<meta property=\"article:modified_time\" content=\"2024-10-08T13:24:13+00:00\" \/>\n<meta property=\"og:image\" content=\"https:\/\/s.w.org\/images\/core\/emoji\/14.0.0\/svg\/1f92b.svg\" \/>\n<meta name=\"twitter:card\" content=\"summary_large_image\" \/>\n<meta name=\"twitter:label1\" content=\"Est. reading time\" \/>\n\t<meta name=\"twitter:data1\" content=\"2 minutes\" \/>\n<script type=\"application\/ld+json\" class=\"yoast-schema-graph\">{\"@context\":\"https:\/\/schema.org\",\"@graph\":[{\"@type\":\"WebPage\",\"@id\":\"https:\/\/kuckanje.com\/index.php\/kuckanje-iz-hrvatske\/\",\"url\":\"https:\/\/kuckanje.com\/index.php\/kuckanje-iz-hrvatske\/\",\"name\":\"KUCKANJE IZ HRVATSKE - Kuckanje.com\",\"isPartOf\":{\"@id\":\"https:\/\/kuckanje.com\/#website\"},\"primaryImageOfPage\":{\"@id\":\"https:\/\/kuckanje.com\/index.php\/kuckanje-iz-hrvatske\/#primaryimage\"},\"image\":{\"@id\":\"https:\/\/kuckanje.com\/index.php\/kuckanje-iz-hrvatske\/#primaryimage\"},\"thumbnailUrl\":\"https:\/\/s.w.org\/images\/core\/emoji\/14.0.0\/svg\/1f92b.svg\",\"datePublished\":\"2024-01-22T13:51:24+00:00\",\"dateModified\":\"2024-10-08T13:24:13+00:00\",\"description\":\"Kuckanje iz Hrvatske sa lepim Srpkinjama. Ovde se mo\u017eete kuckati bez ustezanja i pregaziti sve granice. Neka pobede lepota i ljubav!\",\"breadcrumb\":{\"@id\":\"https:\/\/kuckanje.com\/index.php\/kuckanje-iz-hrvatske\/#breadcrumb\"},\"inLanguage\":\"en-US\",\"potentialAction\":[{\"@type\":\"ReadAction\",\"target\":[\"https:\/\/kuckanje.com\/index.php\/kuckanje-iz-hrvatske\/\"]}]},{\"@type\":\"ImageObject\",\"inLanguage\":\"en-US\",\"@id\":\"https:\/\/kuckanje.com\/index.php\/kuckanje-iz-hrvatske\/#primaryimage\",\"url\":\"https:\/\/s.w.org\/images\/core\/emoji\/14.0.0\/svg\/1f92b.svg\",\"contentUrl\":\"https:\/\/s.w.org\/images\/core\/emoji\/14.0.0\/svg\/1f92b.svg\"},{\"@type\":\"BreadcrumbList\",\"@id\":\"https:\/\/kuckanje.com\/index.php\/kuckanje-iz-hrvatske\/#breadcrumb\",\"itemListElement\":[{\"@type\":\"ListItem\",\"position\":1,\"name\":\"Home\",\"item\":\"https:\/\/kuckanje.com\/\"},{\"@type\":\"ListItem\",\"position\":2,\"name\":\"KUCKANJE IZ HRVATSKE\"}]},{\"@type\":\"WebSite\",\"@id\":\"https:\/\/kuckanje.com\/#website\",\"url\":\"https:\/\/kuckanje.com\/\",\"name\":\"Kuckanje.com\",\"description\":\"\",\"publisher\":{\"@id\":\"https:\/\/kuckanje.com\/#organization\"},\"potentialAction\":[{\"@type\":\"SearchAction\",\"target\":{\"@type\":\"EntryPoint\",\"urlTemplate\":\"https:\/\/kuckanje.com\/?s={search_term_string}\"},\"query-input\":{\"@type\":\"PropertyValueSpecification\",\"valueRequired\":true,\"valueName\":\"search_term_string\"}}],\"inLanguage\":\"en-US\"},{\"@type\":\"Organization\",\"@id\":\"https:\/\/kuckanje.com\/#organization\",\"name\":\"Kuckanje.com\",\"url\":\"https:\/\/kuckanje.com\/\",\"logo\":{\"@type\":\"ImageObject\",\"inLanguage\":\"en-US\",\"@id\":\"https:\/\/kuckanje.com\/#\/schema\/logo\/image\/\",\"url\":\"https:\/\/kuckanje.com\/wp-content\/uploads\/2024\/01\/cropped-Jesi-li-za-sexy-kuckanje-4.png\",\"contentUrl\":\"https:\/\/kuckanje.com\/wp-content\/uploads\/2024\/01\/cropped-Jesi-li-za-sexy-kuckanje-4.png\",\"width\":1640,\"height\":546,\"caption\":\"Kuckanje.com\"},\"image\":{\"@id\":\"https:\/\/kuckanje.com\/#\/schema\/logo\/image\/\"}}]}<\/script>\n<!-- \/ Yoast SEO plugin. -->","yoast_head_json":{"title":"KUCKANJE IZ HRVATSKE - Kuckanje.com","description":"Kuckanje iz Hrvatske sa lepim Srpkinjama. Ovde se mo\u017eete kuckati bez ustezanja i pregaziti sve granice. Neka pobede lepota i ljubav!","robots":{"index":"index","follow":"follow","max-snippet":"max-snippet:-1","max-image-preview":"max-image-preview:large","max-video-preview":"max-video-preview:-1"},"canonical":"https:\/\/kuckanje.com\/index.php\/kuckanje-iz-hrvatske\/","og_locale":"en_US","og_type":"article","og_title":"KUCKANJE IZ HRVATSKE - Kuckanje.com","og_description":"Kuckanje iz Hrvatske sa lepim Srpkinjama. Ovde se mo\u017eete kuckati bez ustezanja i pregaziti sve granice. Neka pobede lepota i ljubav!","og_url":"https:\/\/kuckanje.com\/index.php\/kuckanje-iz-hrvatske\/","og_site_name":"Kuckanje.com","article_modified_time":"2024-10-08T13:24:13+00:00","og_image":[{"url":"https:\/\/s.w.org\/images\/core\/emoji\/14.0.0\/svg\/1f92b.svg"}],"twitter_card":"summary_large_image","twitter_misc":{"Est. reading time":"2 minutes"},"schema":{"@context":"https:\/\/schema.org","@graph":[{"@type":"WebPage","@id":"https:\/\/kuckanje.com\/index.php\/kuckanje-iz-hrvatske\/","url":"https:\/\/kuckanje.com\/index.php\/kuckanje-iz-hrvatske\/","name":"KUCKANJE IZ HRVATSKE - Kuckanje.com","isPartOf":{"@id":"https:\/\/kuckanje.com\/#website"},"primaryImageOfPage":{"@id":"https:\/\/kuckanje.com\/index.php\/kuckanje-iz-hrvatske\/#primaryimage"},"image":{"@id":"https:\/\/kuckanje.com\/index.php\/kuckanje-iz-hrvatske\/#primaryimage"},"thumbnailUrl":"https:\/\/s.w.org\/images\/core\/emoji\/14.0.0\/svg\/1f92b.svg","datePublished":"2024-01-22T13:51:24+00:00","dateModified":"2024-10-08T13:24:13+00:00","description":"Kuckanje iz Hrvatske sa lepim Srpkinjama. Ovde se mo\u017eete kuckati bez ustezanja i pregaziti sve granice. Neka pobede lepota i ljubav!","breadcrumb":{"@id":"https:\/\/kuckanje.com\/index.php\/kuckanje-iz-hrvatske\/#breadcrumb"},"inLanguage":"en-US","potentialAction":[{"@type":"ReadAction","target":["https:\/\/kuckanje.com\/index.php\/kuckanje-iz-hrvatske\/"]}]},{"@type":"ImageObject","inLanguage":"en-US","@id":"https:\/\/kuckanje.com\/index.php\/kuckanje-iz-hrvatske\/#primaryimage","url":"https:\/\/s.w.org\/images\/core\/emoji\/14.0.0\/svg\/1f92b.svg","contentUrl":"https:\/\/s.w.org\/images\/core\/emoji\/14.0.0\/svg\/1f92b.svg"},{"@type":"BreadcrumbList","@id":"https:\/\/kuckanje.com\/index.php\/kuckanje-iz-hrvatske\/#breadcrumb","itemListElement":[{"@type":"ListItem","position":1,"name":"Home","item":"https:\/\/kuckanje.com\/"},{"@type":"ListItem","position":2,"name":"KUCKANJE IZ HRVATSKE"}]},{"@type":"WebSite","@id":"https:\/\/kuckanje.com\/#website","url":"https:\/\/kuckanje.com\/","name":"Kuckanje.com","description":"","publisher":{"@id":"https:\/\/kuckanje.com\/#organization"},"potentialAction":[{"@type":"SearchAction","target":{"@type":"EntryPoint","urlTemplate":"https:\/\/kuckanje.com\/?s={search_term_string}"},"query-input":{"@type":"PropertyValueSpecification","valueRequired":true,"valueName":"search_term_string"}}],"inLanguage":"en-US"},{"@type":"Organization","@id":"https:\/\/kuckanje.com\/#organization","name":"Kuckanje.com","url":"https:\/\/kuckanje.com\/","logo":{"@type":"ImageObject","inLanguage":"en-US","@id":"https:\/\/kuckanje.com\/#\/schema\/logo\/image\/","url":"https:\/\/kuckanje.com\/wp-content\/uploads\/2024\/01\/cropped-Jesi-li-za-sexy-kuckanje-4.png","contentUrl":"https:\/\/kuckanje.com\/wp-content\/uploads\/2024\/01\/cropped-Jesi-li-za-sexy-kuckanje-4.png","width":1640,"height":546,"caption":"Kuckanje.com"},"image":{"@id":"https:\/\/kuckanje.com\/#\/schema\/logo\/image\/"}}]}},"_links":{"self":[{"href":"https:\/\/kuckanje.com\/index.php\/wp-json\/wp\/v2\/pages\/506","targetHints":{"allow":["GET"]}}],"collection":[{"href":"https:\/\/kuckanje.com\/index.php\/wp-json\/wp\/v2\/pages"}],"about":[{"href":"https:\/\/kuckanje.com\/index.php\/wp-json\/wp\/v2\/types\/page"}],"author":[{"embeddable":true,"href":"https:\/\/kuckanje.com\/index.php\/wp-json\/wp\/v2\/users\/2"}],"replies":[{"embeddable":true,"href":"https:\/\/kuckanje.com\/index.php\/wp-json\/wp\/v2\/comments?post=506"}],"version-history":[{"count":52,"href":"https:\/\/kuckanje.com\/index.php\/wp-json\/wp\/v2\/pages\/506\/revisions"}],"predecessor-version":[{"id":9341,"href":"https:\/\/kuckanje.com\/index.php\/wp-json\/wp\/v2\/pages\/506\/revisions\/9341"}],"wp:attachment":[{"href":"https:\/\/kuckanje.com\/index.php\/wp-json\/wp\/v2\/media?parent=506"}],"curies":[{"name":"wp","href":"https:\/\/api.w.org\/{rel}","templated":true}]}}